{"id":2148,"date":"2026-02-19T12:42:37","date_gmt":"2026-02-19T12:42:37","guid":{"rendered":"https:\/\/www.lmiab.se\/history\/"},"modified":"2026-04-28T10:01:49","modified_gmt":"2026-04-28T10:01:49","slug":"history","status":"publish","type":"page","link":"https:\/\/www.lmiab.se\/en\/history\/","title":{"rendered":"History"},"content":{"rendered":"\n<div class=\"wp-block-group alignfull main-title has-palette-color-4-background-color has-background is-layout-constrained wp-block-group-is-layout-constrained\" style=\"margin-top:0;margin-bottom:0;padding-top:0;padding-bottom:2rem\">\n<div class=\"wp-block-group has-palette-color-4-background-color has-background is-layout-constrained wp-container-core-group-is-layout-72d38984 wp-block-group-is-layout-constrained\" style=\"border-bottom-color:var(--wp--preset--color--palette-color-2);border-bottom-width:6px;margin-top:0;margin-bottom:0;padding-top:0;padding-right:0;padding-bottom:0;padding-left:0\">\n<h1 class=\"wp-block-heading has-text-align-center has-palette-color-1-color has-text-color has-link-color wp-elements-974aeda9fa7539d884ca0509766d53a4\" style=\"margin-top:0;margin-right:0;margin-bottom:0;margin-left:0\">History<\/h1>\n<\/div>\n<\/div>\n\n<div style=\"margin-top:0;margin-bottom:0;height:40px\" aria-hidden=\"true\" class=\"wp-block-spacer\"><\/div>\n\n<div class=\"wp-block-media-text is-stacked-on-mobile\"><figure class=\"wp-block-media-text__media\"><img data-dominant-color=\"585b69\" data-has-transparency=\"false\" style=\"--dominant-color: #585b69;\" loading=\"lazy\" decoding=\"async\" width=\"1024\" height=\"683\" src=\"https:\/\/www.lmiab.se\/app\/uploads\/2026\/02\/7ro8xh-1024x683.jpg\" alt=\"\" class=\"wp-image-1908 size-full not-transparent\" srcset=\"https:\/\/www.lmiab.se\/app\/uploads\/2026\/02\/7ro8xh-1024x683.jpg 1024w, https:\/\/www.lmiab.se\/app\/uploads\/2026\/02\/7ro8xh-300x200.jpg 300w, https:\/\/www.lmiab.se\/app\/uploads\/2026\/02\/7ro8xh-768x512.jpg 768w, https:\/\/www.lmiab.se\/app\/uploads\/2026\/02\/7ro8xh-1536x1024.jpg 1536w, https:\/\/www.lmiab.se\/app\/uploads\/2026\/02\/7ro8xh.jpg 1620w\" sizes=\"auto, (max-width: 1024px) 100vw, 1024px\" \/><\/figure><div class=\"wp-block-media-text__content\">\n<h2 class=\"wp-block-heading has-palette-color-2-color has-text-color has-link-color wp-elements-d4310d0fa993be4d541f7d580b765a47\">Laser systems for Industrial Applications <\/h2>\n\n\n\n<p>Laser Machining Inc. LMI AB (LMI) specializes in providing advanced laser technology for industrial applications. We offer expertise and system solutions for:  <\/p>\n\n\n\n<ul class=\"wp-block-list\">\n<li>Automotive industry<\/li>\n\n\n\n<li>Aerospace &amp; aviation<\/li>\n\n\n\n<li>Telecommunications<\/li>\n\n\n\n<li>Medical devices<\/li>\n\n\n\n<li>Branding &amp; marking<\/li>\n\n\n\n<li>Food processing &#8230;and other industries where laser technology adds value.<\/li>\n<\/ul>\n<\/div><\/div>\n\n<div style=\"margin-top:0;margin-bottom:0;height:40px\" aria-hidden=\"true\" class=\"wp-block-spacer\"><\/div>\n\n<div class=\"wp-block-media-text has-media-on-the-right is-stacked-on-mobile\"><div class=\"wp-block-media-text__content\">\n<h2 class=\"wp-block-heading has-palette-color-2-color has-text-color has-link-color wp-elements-92e69d68303c090eb4a6967d9a643abf\">Laser Applications<\/h2>\n\n\n\n<p>Typical laser processes we deliver solutions for include:<\/p>\n\n\n\n<ul class=\"wp-block-list\">\n<li>Marking &amp; engraving<\/li>\n\n\n\n<li>Cutting<\/li>\n\n\n\n<li>Welding<\/li>\n\n\n\n<li>Perforating<\/li>\n\n\n\n<li>Hardening<\/li>\n\n\n\n<li>Kiss-cutting and forming<\/li>\n<\/ul>\n<\/div><figure class=\"wp-block-media-text__media\"><img data-dominant-color=\"525762\" data-has-transparency=\"false\" style=\"--dominant-color: #525762;\" loading=\"lazy\" decoding=\"async\" width=\"1024\" height=\"683\" src=\"https:\/\/www.lmiab.se\/app\/uploads\/2026\/02\/20201125-hh8a2105-webb1-1-1024x683.jpg\" alt=\"\" class=\"wp-image-1882 size-full not-transparent\" srcset=\"https:\/\/www.lmiab.se\/app\/uploads\/2026\/02\/20201125-hh8a2105-webb1-1-1024x683.jpg 1024w, https:\/\/www.lmiab.se\/app\/uploads\/2026\/02\/20201125-hh8a2105-webb1-1-300x200.jpg 300w, https:\/\/www.lmiab.se\/app\/uploads\/2026\/02\/20201125-hh8a2105-webb1-1-768x512.jpg 768w, https:\/\/www.lmiab.se\/app\/uploads\/2026\/02\/20201125-hh8a2105-webb1-1-1536x1024.jpg 1536w, https:\/\/www.lmiab.se\/app\/uploads\/2026\/02\/20201125-hh8a2105-webb1-1.jpg 1620w\" sizes=\"auto, (max-width: 1024px) 100vw, 1024px\" \/><\/figure><\/div>\n\n<div style=\"margin-top:0;margin-bottom:0;height:40px\" aria-hidden=\"true\" class=\"wp-block-spacer\"><\/div>\n\n<div class=\"wp-block-group alignfull has-background is-layout-constrained wp-container-core-group-is-layout-19f06807 wp-block-group-is-layout-constrained\" style=\"background-color:#f4f0ec;padding-top:var(--wp--preset--spacing--80);padding-bottom:var(--wp--preset--spacing--80)\">\n<h2 class=\"wp-block-heading has-palette-color-2-color has-text-color has-link-color wp-elements-b2d79f1ce470c09de13fadfb3bea0fef\">Our laser expertise<\/h2>\n\n\n\n<p>With deep knowledge in machine systems, optical components, and customization, and through partnerships with Preco, Tykma Electrox, and II-VI (Two Six), LMI delivers complete laser solutions with accessories, spare parts, and support.<\/p>\n\n\n\n<h2 class=\"wp-block-heading has-palette-color-2-color has-text-color has-link-color wp-elements-f96637519ddd51f580fae0ad344f65d7\">Laser service &amp; support<\/h2>\n\n\n\n<p>LMI operates a dedicated technical service team that handles installations, maintenance, troubleshooting, and emergency support. We also offer service contracts and a well-stocked inventory of spare and consumable parts. <\/p>\n\n\n\n<h2 class=\"wp-block-heading has-palette-color-2-color has-text-color has-link-color wp-elements-9ac247e7953ee2eafbfdc52b8ad72991\">Our mission<\/h2>\n\n\n\n<p>LMI AB is a quality-driven, customer-focused provider of laser systems with full technical support \u2013 built for long-term industrial partnerships.<\/p>\n<\/div>\n\n<div style=\"margin-top:0;margin-bottom:0;height:40px\" aria-hidden=\"true\" class=\"wp-block-spacer\"><\/div>\n\n<div class=\"wp-block-group is-layout-constrained wp-container-core-group-is-layout-704e782a wp-block-group-is-layout-constrained\">\n<h2 class=\"wp-block-heading has-palette-color-2-color has-text-color has-link-color wp-elements-b40d61f9d68aeaa63dae9960388a760e\">Brief company history<\/h2>\n\n\n\n<div class=\"timeline-block\">\n        \n            <div class=\"timeline-container\">\n                            <div class=\"timeline-item\" data-year=\"1982\">\n                    <div class=\"timeline-marker\"><\/div>\n                    <div class=\"timeline-content\">\n                                                    <h3 class=\"timeline-year\">1982<\/h3>\n                                                                            <div class=\"timeline-text\">Tim Smith b\u00f6rjar professionellt reparera lasermaskiner och blir d\u00e4rmed en av de f\u00f6rsta i landet att arbeta med industriella lasersystem.\r\n<\/div>\n                                            <\/div>\n                <\/div>\n                            <div class=\"timeline-item\" data-year=\"1990\">\n                    <div class=\"timeline-marker\"><\/div>\n                    <div class=\"timeline-content\">\n                                                    <h3 class=\"timeline-year\">1990<\/h3>\n                                                                            <div class=\"timeline-text\">I b\u00f6rjan av 90-talet inleder Tim ett n\u00e4ra samarbete med Laser Machining Inc. (USA). Under resten av \u00e5rtiondet v\u00e4xer aff\u00e4rerna snabbt, och grunden f\u00f6r det som senare blir LMI AB l\u00e4ggs. \r\n<\/div>\n                                            <\/div>\n                <\/div>\n                            <div class=\"timeline-item\" data-year=\"1997\">\n                    <div class=\"timeline-marker\"><\/div>\n                    <div class=\"timeline-content\">\n                                                    <h3 class=\"timeline-year\">1997<\/h3>\n                                                                            <div class=\"timeline-text\">LMI AB grundas, med Tim Smith som drivande kraft och Anders Matsson som medhj\u00e4lpare.<\/div>\n                                            <\/div>\n                <\/div>\n                            <div class=\"timeline-item\" data-year=\"2002\">\n                    <div class=\"timeline-marker\"><\/div>\n                    <div class=\"timeline-content\">\n                                                    <h3 class=\"timeline-year\">2002<\/h3>\n                                                                            <div class=\"timeline-text\">Amerikanska Laser Machining Inc. f\u00f6rv\u00e4rvas av Preco Inc. och byter namn. LMI AB beh\u00e5ller dock sitt ursprungliga namn och forts\u00e4tter verksamheten i Sverige. \r\n<\/div>\n                                            <\/div>\n                <\/div>\n                            <div class=\"timeline-item\" data-year=\"2004\">\n                    <div class=\"timeline-marker\"><\/div>\n                    <div class=\"timeline-content\">\n                                                    <h3 class=\"timeline-year\">2004<\/h3>\n                                                                            <div class=\"timeline-text\">LMI blir exklusiv agent f\u00f6r Electrox m\u00e4rksystem i Skandinavien.\r\n<\/div>\n                                            <\/div>\n                <\/div>\n                            <div class=\"timeline-item\" data-year=\"2017\">\n                    <div class=\"timeline-marker\"><\/div>\n                    <div class=\"timeline-content\">\n                                                    <h3 class=\"timeline-year\">2017<\/h3>\n                                                                            <div class=\"timeline-text\">LMI blir \u00e5terf\u00f6rs\u00e4ljare av Bodor lasermaskiner.\r\n<\/div>\n                                            <\/div>\n                <\/div>\n                            <div class=\"timeline-item\" data-year=\"2018\">\n                    <div class=\"timeline-marker\"><\/div>\n                    <div class=\"timeline-content\">\n                                                    <h3 class=\"timeline-year\">2018<\/h3>\n                                                                            <div class=\"timeline-text\">LMI flyttar till en ny, specialbyggd anl\u00e4ggning i Hj\u00e4rpholn, N\u00e5s.\r\n<\/div>\n                                            <\/div>\n                <\/div>\n                            <div class=\"timeline-item\" data-year=\"2023\">\n                    <div class=\"timeline-marker\"><\/div>\n                    <div class=\"timeline-content\">\n                                                    <h3 class=\"timeline-year\">2023<\/h3>\n                                                                            <div class=\"timeline-text\">LMI blir full servicepartner till v\u00e4rldsledande IPG Photonics f\u00f6r att serva deras lasersystem i Skandinavien.<\/div>\n                                            <\/div>\n                <\/div>\n                            <div class=\"timeline-item\" data-year=\"2024\">\n                    <div class=\"timeline-marker\"><\/div>\n                    <div class=\"timeline-content\">\n                                                    <h3 class=\"timeline-year\">2024<\/h3>\n                                                                            <div class=\"timeline-text\">LMI byter fr\u00e5n Bodor till HSG Laser vad g\u00e4ller st\u00f6rre lasersk\u00e4rningsmaskiner.<\/div>\n                                            <\/div>\n                <\/div>\n                            <div class=\"timeline-item\" data-year=\"2025\">\n                    <div class=\"timeline-marker\"><\/div>\n                    <div class=\"timeline-content\">\n                                                    <h3 class=\"timeline-year\">2025<\/h3>\n                                                                            <div class=\"timeline-text\">LMI blir Precitec-partner i Skandinavien med s\u00e5v\u00e4l f\u00f6rs\u00e4ljning som service av Precitecs laserhuvud.<\/div>\n                                            <\/div>\n                <\/div>\n                    <\/div>\n    <\/div>\n\n\n\n\n<div class=\"wp-block-group is-content-justification-left is-layout-constrained wp-container-core-group-is-layout-126011d1 wp-block-group-is-layout-constrained\">\n<h3 class=\"wp-block-heading has-palette-color-2-color has-text-color has-link-color wp-elements-4d02945d9f09002f1623ca5a7a0c653d\">A technology-driven heritage<\/h3>\n\n\n\n<p>LMI has its roots in the needs of Swedish industry for robust and efficient laser systems. From the very beginning, we have gathered expertise from multiple technologies and application areas \u2013 building a strong organization with both deep technical knowledge and commercial understanding. <\/p>\n\n\n\n<p>You are welcome to contact us to learn more about our history \u2013 or how we can contribute to your future within industrial laser applications.<\/p>\n<\/div>\n\n\n\n<div style=\"margin-top:0;margin-bottom:0;height:40px\" aria-hidden=\"true\" class=\"wp-block-spacer\"><\/div>\n<\/div>\n","protected":false},"excerpt":{"rendered":"<p>History Our laser expertise With deep knowledge in machine systems, optical components, and customization, and through partnerships with Preco, Tykma Electrox, and II-VI (Two Six), LMI delivers complete laser solutions with accessories, spare parts, and support. Laser service &amp; support LMI operates a dedicated technical service team that handles installations, maintenance, troubleshooting, and emergency support. [&hellip;]<\/p>\n","protected":false},"author":2,"featured_media":0,"parent":0,"menu_order":0,"comment_status":"closed","ping_status":"closed","template":"","meta":{"_acf_changed":false,"footnotes":""},"class_list":["post-2148","page","type-page","status-publish","hentry"],"blocksy_meta":[],"acf":[],"yoast_head":"<!-- This site is optimized with the Yoast SEO plugin v26.9 - https:\/\/yoast.com\/product\/yoast-seo-wordpress\/ -->\n<title>History - Laser Machining Inc. Lmi AB<\/title>\n<meta name=\"robots\" content=\"index, follow, max-snippet:-1, max-image-preview:large, max-video-preview:-1\" \/>\n<link rel=\"canonical\" href=\"https:\/\/www.lmiab.se\/en\/history\/\" \/>\n<meta property=\"og:locale\" content=\"en_US\" \/>\n<meta property=\"og:type\" content=\"article\" \/>\n<meta property=\"og:title\" content=\"History - Laser Machining Inc. Lmi AB\" \/>\n<meta property=\"og:description\" content=\"History Our laser expertise With deep knowledge in machine systems, optical components, and customization, and through partnerships with Preco, Tykma Electrox, and II-VI (Two Six), LMI delivers complete laser solutions with accessories, spare parts, and support. Laser service &amp; support LMI operates a dedicated technical service team that handles installations, maintenance, troubleshooting, and emergency support. [&hellip;]\" \/>\n<meta property=\"og:url\" content=\"https:\/\/www.lmiab.se\/en\/history\/\" \/>\n<meta property=\"og:site_name\" content=\"Laser Machining Inc. Lmi AB\" \/>\n<meta property=\"article:modified_time\" content=\"2026-04-28T10:01:49+00:00\" \/>\n<meta property=\"og:image\" content=\"https:\/\/www.lmiab.se\/app\/uploads\/2026\/02\/7ro8xh.jpg\" \/>\n\t<meta property=\"og:image:width\" content=\"1620\" \/>\n\t<meta property=\"og:image:height\" content=\"1080\" \/>\n\t<meta property=\"og:image:type\" content=\"image\/jpeg\" \/>\n<meta name=\"twitter:card\" content=\"summary_large_image\" \/>\n<meta name=\"twitter:label1\" content=\"Est. reading time\" \/>\n\t<meta name=\"twitter:data1\" content=\"1 minute\" \/>\n<script type=\"application\/ld+json\" class=\"yoast-schema-graph\">{\"@context\":\"https:\/\/schema.org\",\"@graph\":[{\"@type\":\"WebPage\",\"@id\":\"https:\/\/www.lmiab.se\/en\/history\/\",\"url\":\"https:\/\/www.lmiab.se\/en\/history\/\",\"name\":\"History - Laser Machining Inc. Lmi AB\",\"isPartOf\":{\"@id\":\"https:\/\/www.lmiab.se\/#website\"},\"primaryImageOfPage\":{\"@id\":\"https:\/\/www.lmiab.se\/en\/history\/#primaryimage\"},\"image\":{\"@id\":\"https:\/\/www.lmiab.se\/en\/history\/#primaryimage\"},\"thumbnailUrl\":\"https:\/\/www.lmiab.se\/app\/uploads\/2026\/02\/7ro8xh-1024x683.jpg\",\"datePublished\":\"2026-02-19T12:42:37+00:00\",\"dateModified\":\"2026-04-28T10:01:49+00:00\",\"breadcrumb\":{\"@id\":\"https:\/\/www.lmiab.se\/en\/history\/#breadcrumb\"},\"inLanguage\":\"en-US\",\"potentialAction\":[{\"@type\":\"ReadAction\",\"target\":[\"https:\/\/www.lmiab.se\/en\/history\/\"]}]},{\"@type\":\"ImageObject\",\"inLanguage\":\"en-US\",\"@id\":\"https:\/\/www.lmiab.se\/en\/history\/#primaryimage\",\"url\":\"https:\/\/www.lmiab.se\/app\/uploads\/2026\/02\/7ro8xh-1024x683.jpg\",\"contentUrl\":\"https:\/\/www.lmiab.se\/app\/uploads\/2026\/02\/7ro8xh-1024x683.jpg\"},{\"@type\":\"BreadcrumbList\",\"@id\":\"https:\/\/www.lmiab.se\/en\/history\/#breadcrumb\",\"itemListElement\":[{\"@type\":\"ListItem\",\"position\":1,\"name\":\"Home\",\"item\":\"https:\/\/www.lmiab.se\/en\/\"},{\"@type\":\"ListItem\",\"position\":2,\"name\":\"History\"}]},{\"@type\":\"WebSite\",\"@id\":\"https:\/\/www.lmiab.se\/#website\",\"url\":\"https:\/\/www.lmiab.se\/\",\"name\":\"Laser Machining Inc. Lmi AB\",\"description\":\"\",\"potentialAction\":[{\"@type\":\"SearchAction\",\"target\":{\"@type\":\"EntryPoint\",\"urlTemplate\":\"https:\/\/www.lmiab.se\/?s={search_term_string}\"},\"query-input\":{\"@type\":\"PropertyValueSpecification\",\"valueRequired\":true,\"valueName\":\"search_term_string\"}}],\"inLanguage\":\"en-US\"}]}<\/script>\n<!-- \/ Yoast SEO plugin. -->","yoast_head_json":{"title":"History - Laser Machining Inc. Lmi AB","robots":{"index":"index","follow":"follow","max-snippet":"max-snippet:-1","max-image-preview":"max-image-preview:large","max-video-preview":"max-video-preview:-1"},"canonical":"https:\/\/www.lmiab.se\/en\/history\/","og_locale":"en_US","og_type":"article","og_title":"History - Laser Machining Inc. Lmi AB","og_description":"History Our laser expertise With deep knowledge in machine systems, optical components, and customization, and through partnerships with Preco, Tykma Electrox, and II-VI (Two Six), LMI delivers complete laser solutions with accessories, spare parts, and support. Laser service &amp; support LMI operates a dedicated technical service team that handles installations, maintenance, troubleshooting, and emergency support. [&hellip;]","og_url":"https:\/\/www.lmiab.se\/en\/history\/","og_site_name":"Laser Machining Inc. Lmi AB","article_modified_time":"2026-04-28T10:01:49+00:00","og_image":[{"width":1620,"height":1080,"url":"https:\/\/www.lmiab.se\/app\/uploads\/2026\/02\/7ro8xh.jpg","type":"image\/jpeg"}],"twitter_card":"summary_large_image","twitter_misc":{"Est. reading time":"1 minute"},"schema":{"@context":"https:\/\/schema.org","@graph":[{"@type":"WebPage","@id":"https:\/\/www.lmiab.se\/en\/history\/","url":"https:\/\/www.lmiab.se\/en\/history\/","name":"History - Laser Machining Inc. Lmi AB","isPartOf":{"@id":"https:\/\/www.lmiab.se\/#website"},"primaryImageOfPage":{"@id":"https:\/\/www.lmiab.se\/en\/history\/#primaryimage"},"image":{"@id":"https:\/\/www.lmiab.se\/en\/history\/#primaryimage"},"thumbnailUrl":"https:\/\/www.lmiab.se\/app\/uploads\/2026\/02\/7ro8xh-1024x683.jpg","datePublished":"2026-02-19T12:42:37+00:00","dateModified":"2026-04-28T10:01:49+00:00","breadcrumb":{"@id":"https:\/\/www.lmiab.se\/en\/history\/#breadcrumb"},"inLanguage":"en-US","potentialAction":[{"@type":"ReadAction","target":["https:\/\/www.lmiab.se\/en\/history\/"]}]},{"@type":"ImageObject","inLanguage":"en-US","@id":"https:\/\/www.lmiab.se\/en\/history\/#primaryimage","url":"https:\/\/www.lmiab.se\/app\/uploads\/2026\/02\/7ro8xh-1024x683.jpg","contentUrl":"https:\/\/www.lmiab.se\/app\/uploads\/2026\/02\/7ro8xh-1024x683.jpg"},{"@type":"BreadcrumbList","@id":"https:\/\/www.lmiab.se\/en\/history\/#breadcrumb","itemListElement":[{"@type":"ListItem","position":1,"name":"Home","item":"https:\/\/www.lmiab.se\/en\/"},{"@type":"ListItem","position":2,"name":"History"}]},{"@type":"WebSite","@id":"https:\/\/www.lmiab.se\/#website","url":"https:\/\/www.lmiab.se\/","name":"Laser Machining Inc. Lmi AB","description":"","potentialAction":[{"@type":"SearchAction","target":{"@type":"EntryPoint","urlTemplate":"https:\/\/www.lmiab.se\/?s={search_term_string}"},"query-input":{"@type":"PropertyValueSpecification","valueRequired":true,"valueName":"search_term_string"}}],"inLanguage":"en-US"}]}},"_links":{"self":[{"href":"https:\/\/www.lmiab.se\/en\/wp-json\/wp\/v2\/pages\/2148","targetHints":{"allow":["GET"]}}],"collection":[{"href":"https:\/\/www.lmiab.se\/en\/wp-json\/wp\/v2\/pages"}],"about":[{"href":"https:\/\/www.lmiab.se\/en\/wp-json\/wp\/v2\/types\/page"}],"author":[{"embeddable":true,"href":"https:\/\/www.lmiab.se\/en\/wp-json\/wp\/v2\/users\/2"}],"replies":[{"embeddable":true,"href":"https:\/\/www.lmiab.se\/en\/wp-json\/wp\/v2\/comments?post=2148"}],"version-history":[{"count":2,"href":"https:\/\/www.lmiab.se\/en\/wp-json\/wp\/v2\/pages\/2148\/revisions"}],"predecessor-version":[{"id":2151,"href":"https:\/\/www.lmiab.se\/en\/wp-json\/wp\/v2\/pages\/2148\/revisions\/2151"}],"wp:attachment":[{"href":"https:\/\/www.lmiab.se\/en\/wp-json\/wp\/v2\/media?parent=2148"}],"curies":[{"name":"wp","href":"https:\/\/api.w.org\/{rel}","templated":true}]}}